{"id":349,"date":"2022-11-23T17:02:29","date_gmt":"2022-11-23T17:02:29","guid":{"rendered":"https:\/\/www.hebammejasmindiebel.de\/?page_id=349"},"modified":"2023-06-27T11:37:51","modified_gmt":"2023-06-27T11:37:51","slug":"home","status":"publish","type":"page","link":"https:\/\/www.hebammejasmindiebel.de\/","title":{"rendered":"Home"},"content":{"rendered":"<style>\/*! elementor - v3.8.0 - 30-10-2022 *\/\n.elementor-widget-image{text-align:center}.elementor-widget-image a{display:inline-block}.elementor-widget-image a img[src$=\".svg\"]{width:48px}.elementor-widget-image img{vertical-align:middle;display:inline-block}<\/style>\n<p>\t\t\t\t\t\t\t\t\t\t\t\t<img decoding=\"async\" width=\"5684\" height=\"1865\" src=\"https:\/\/www.hebammejasmindiebel.de\/wp-content\/uploads\/2022\/11\/websiteheader.png\" alt=\"\" loading=\"lazy\" srcset=\"https:\/\/www.hebammejasmindiebel.de\/wp-content\/uploads\/2022\/11\/websiteheader.png 5684w, https:\/\/www.hebammejasmindiebel.de\/wp-content\/uploads\/2022\/11\/websiteheader-300x98.png 300w, https:\/\/www.hebammejasmindiebel.de\/wp-content\/uploads\/2022\/11\/websiteheader-1024x336.png 1024w, https:\/\/www.hebammejasmindiebel.de\/wp-content\/uploads\/2022\/11\/websiteheader-768x252.png 768w, https:\/\/www.hebammejasmindiebel.de\/wp-content\/uploads\/2022\/11\/websiteheader-1536x504.png 1536w, https:\/\/www.hebammejasmindiebel.de\/wp-content\/uploads\/2022\/11\/websiteheader-2048x672.png 2048w\" sizes=\"(max-width: 5684px) 100vw, 5684px\" \/>\t\t\t\t\t\t\t\t\t\t\t\t\t\t\t<\/p>\n<style>\/*! elementor - v3.8.0 - 30-10-2022 *\/\n.elementor-widget-social-icons.elementor-grid-0 .elementor-widget-container,.elementor-widget-social-icons.elementor-grid-mobile-0 .elementor-widget-container,.elementor-widget-social-icons.elementor-grid-tablet-0 .elementor-widget-container{line-height:1;font-size:0}.elementor-widget-social-icons:not(.elementor-grid-0):not(.elementor-grid-tablet-0):not(.elementor-grid-mobile-0) .elementor-grid{display:inline-grid}.elementor-widget-social-icons .elementor-grid{grid-column-gap:var(--grid-column-gap,5px);grid-row-gap:var(--grid-row-gap,5px);grid-template-columns:var(--grid-template-columns);-webkit-box-pack:var(--justify-content,center);-ms-flex-pack:var(--justify-content,center);justify-content:var(--justify-content,center);justify-items:var(--justify-content,center)}.elementor-icon.elementor-social-icon{font-size:var(--icon-size,25px);line-height:var(--icon-size,25px);width:calc(var(--icon-size, 25px) + (2 * var(--icon-padding, .5em)));height:calc(var(--icon-size, 25px) + (2 * var(--icon-padding, .5em)))}.elementor-social-icon{--e-social-icon-icon-color:#fff;display:-webkit-inline-box;display:-ms-inline-flexbox;display:inline-flex;background-color:#818a91;-webkit-box-align:center;-ms-flex-align:center;align-items:center;-webkit-box-pack:center;-ms-flex-pack:center;justify-content:center;text-align:center;cursor:pointer}.elementor-social-icon i{color:var(--e-social-icon-icon-color)}.elementor-social-icon svg{fill:var(--e-social-icon-icon-color)}.elementor-social-icon:last-child{margin:0}.elementor-social-icon:hover{opacity:.9;color:#fff}.elementor-social-icon-android{background-color:#a4c639}.elementor-social-icon-apple{background-color:#999}.elementor-social-icon-behance{background-color:#1769ff}.elementor-social-icon-bitbucket{background-color:#205081}.elementor-social-icon-codepen{background-color:#000}.elementor-social-icon-delicious{background-color:#39f}.elementor-social-icon-deviantart{background-color:#05cc47}.elementor-social-icon-digg{background-color:#005be2}.elementor-social-icon-dribbble{background-color:#ea4c89}.elementor-social-icon-elementor{background-color:#d30c5c}.elementor-social-icon-envelope{background-color:#ea4335}.elementor-social-icon-facebook,.elementor-social-icon-facebook-f{background-color:#3b5998}.elementor-social-icon-flickr{background-color:#0063dc}.elementor-social-icon-foursquare{background-color:#2d5be3}.elementor-social-icon-free-code-camp,.elementor-social-icon-freecodecamp{background-color:#006400}.elementor-social-icon-github{background-color:#333}.elementor-social-icon-gitlab{background-color:#e24329}.elementor-social-icon-globe{background-color:#818a91}.elementor-social-icon-google-plus,.elementor-social-icon-google-plus-g{background-color:#dd4b39}.elementor-social-icon-houzz{background-color:#7ac142}.elementor-social-icon-instagram{background-color:#262626}.elementor-social-icon-jsfiddle{background-color:#487aa2}.elementor-social-icon-link{background-color:#818a91}.elementor-social-icon-linkedin,.elementor-social-icon-linkedin-in{background-color:#0077b5}.elementor-social-icon-medium{background-color:#00ab6b}.elementor-social-icon-meetup{background-color:#ec1c40}.elementor-social-icon-mixcloud{background-color:#273a4b}.elementor-social-icon-odnoklassniki{background-color:#f4731c}.elementor-social-icon-pinterest{background-color:#bd081c}.elementor-social-icon-product-hunt{background-color:#da552f}.elementor-social-icon-reddit{background-color:#ff4500}.elementor-social-icon-rss{background-color:#f26522}.elementor-social-icon-shopping-cart{background-color:#4caf50}.elementor-social-icon-skype{background-color:#00aff0}.elementor-social-icon-slideshare{background-color:#0077b5}.elementor-social-icon-snapchat{background-color:#fffc00}.elementor-social-icon-soundcloud{background-color:#f80}.elementor-social-icon-spotify{background-color:#2ebd59}.elementor-social-icon-stack-overflow{background-color:#fe7a15}.elementor-social-icon-steam{background-color:#00adee}.elementor-social-icon-stumbleupon{background-color:#eb4924}.elementor-social-icon-telegram{background-color:#2ca5e0}.elementor-social-icon-thumb-tack{background-color:#1aa1d8}.elementor-social-icon-tripadvisor{background-color:#589442}.elementor-social-icon-tumblr{background-color:#35465c}.elementor-social-icon-twitch{background-color:#6441a5}.elementor-social-icon-twitter{background-color:#1da1f2}.elementor-social-icon-viber{background-color:#665cac}.elementor-social-icon-vimeo{background-color:#1ab7ea}.elementor-social-icon-vk{background-color:#45668e}.elementor-social-icon-weibo{background-color:#dd2430}.elementor-social-icon-weixin{background-color:#31a918}.elementor-social-icon-whatsapp{background-color:#25d366}.elementor-social-icon-wordpress{background-color:#21759b}.elementor-social-icon-xing{background-color:#026466}.elementor-social-icon-yelp{background-color:#af0606}.elementor-social-icon-youtube{background-color:#cd201f}.elementor-social-icon-500px{background-color:#0099e5}.elementor-shape-rounded .elementor-icon.elementor-social-icon{border-radius:10%}.elementor-shape-circle .elementor-icon.elementor-social-icon{border-radius:50%}<\/style>\n<p>\t\t\t\t\t<a target=\"_blank\" rel=\"noopener\"><br \/>\n\t\t\t\t\t\t\t\t\t\t\t<\/a><br \/>\n\t\t\t\t\t<a href=\"https:\/\/wa.me\/4915257862076\" target=\"_blank\" rel=\"noopener\"><br \/>\n\t\t\t\t\t\tWhatsapp<br \/>\n\t\t\t\t\t\t\t\t\t\t\t<\/a><br \/>\n\t\t\t\t\t<a href=\"mailto:post@hebammejasmindiebel.de?subject=Anfrage%20Hebamme%20\" target=\"_blank\" rel=\"noopener\"><br \/>\n\t\t\t\t\t\tEnvelope<br \/>\n\t\t\t\t\t\t\t\t\t\t\t<\/a><\/p>\n<style>\/*! elementor - v3.8.0 - 30-10-2022 *\/\n.elementor-heading-title{padding:0;margin:0;line-height:1}.elementor-widget-heading .elementor-heading-title[class*=elementor-size-]>a{color:inherit;font-size:inherit;line-height:inherit}.elementor-widget-heading .elementor-heading-title.elementor-size-small{font-size:15px}.elementor-widget-heading .elementor-heading-title.elementor-size-medium{font-size:19px}.elementor-widget-heading .elementor-heading-title.elementor-size-large{font-size:29px}.elementor-widget-heading .elementor-heading-title.elementor-size-xl{font-size:39px}.elementor-widget-heading .elementor-heading-title.elementor-size-xxl{font-size:59px}<\/style>\n<h1>Herzlich Willkommen!<\/h1>\n<p>Mein Name ist Jasmin, ich bin 23 Jahre alt, in der Schwalm geboren und aufgewachsen \u2013 und ihr treu geblieben.<br \/>Nach meinem Abitur habe ich die Ausbildung zur Hebamme im Uniklinikum Marburg begonnen und im April 2022 erfolgreich abgeschlossen.<br \/>Seitdem arbeite ich als angestellte Hebamme im Krei\u00dfsaal des Klinikums Schwalmstadt und begleite Frauen und Paare w\u00e4hrend der Geburt.<br \/>Au\u00dferdem bin ich freiberuflich t\u00e4tig und betreue Familien w\u00e4hrend der Schwangerschaft, im Wochenbett und biete Stillzeit- und Beikostberatungen an.<\/p>\n<p>\u00a0<\/p>\n<p>\t\t\t\t\t\t\t\t\t\t\t\t\t\t\t<img decoding=\"async\" width=\"800\" height=\"600\" src=\"https:\/\/www.hebammejasmindiebel.de\/wp-content\/uploads\/2022\/11\/jjjj2-1024x768.png\" alt=\"\" loading=\"lazy\" srcset=\"https:\/\/www.hebammejasmindiebel.de\/wp-content\/uploads\/2022\/11\/jjjj2-1024x768.png 1024w, https:\/\/www.hebammejasmindiebel.de\/wp-content\/uploads\/2022\/11\/jjjj2-300x225.png 300w, https:\/\/www.hebammejasmindiebel.de\/wp-content\/uploads\/2022\/11\/jjjj2-768x576.png 768w, https:\/\/www.hebammejasmindiebel.de\/wp-content\/uploads\/2022\/11\/jjjj2-1536x1152.png 1536w, https:\/\/www.hebammejasmindiebel.de\/wp-content\/uploads\/2022\/11\/jjjj2.png 1706w\" sizes=\"(max-width: 800px) 100vw, 800px\" \/>\t\t\t\t\t\t\t\t\t\t\t\t\t\t\t<\/p>\n<style>\/*! elementor - v3.8.0 - 30-10-2022 *\/\n.elementor-widget-divider{--divider-border-style:none;--divider-border-width:1px;--divider-color:#2c2c2c;--divider-icon-size:20px;--divider-element-spacing:10px;--divider-pattern-height:24px;--divider-pattern-size:20px;--divider-pattern-url:none;--divider-pattern-repeat:repeat-x}.elementor-widget-divider .elementor-divider{display:-webkit-box;display:-ms-flexbox;display:flex}.elementor-widget-divider .elementor-divider__text{font-size:15px;line-height:1;max-width:95%}.elementor-widget-divider .elementor-divider__element{margin:0 var(--divider-element-spacing);-ms-flex-negative:0;flex-shrink:0}.elementor-widget-divider .elementor-icon{font-size:var(--divider-icon-size)}.elementor-widget-divider .elementor-divider-separator{display:-webkit-box;display:-ms-flexbox;display:flex;margin:0;direction:ltr}.elementor-widget-divider--view-line_icon .elementor-divider-separator,.elementor-widget-divider--view-line_text .elementor-divider-separator{-webkit-box-align:center;-ms-flex-align:center;align-items:center}.elementor-widget-divider--view-line_icon .elementor-divider-separator:after,.elementor-widget-divider--view-line_icon .elementor-divider-separator:before,.elementor-widget-divider--view-line_text .elementor-divider-separator:after,.elementor-widget-divider--view-line_text .elementor-divider-separator:before{display:block;content:\"\";border-bottom:0;-webkit-box-flex:1;-ms-flex-positive:1;flex-grow:1;border-top:var(--divider-border-width) var(--divider-border-style) var(--divider-color)}.elementor-widget-divider--element-align-left .elementor-divider .elementor-divider-separator>.elementor-divider__svg:first-of-type{-webkit-box-flex:0;-ms-flex-positive:0;flex-grow:0;-ms-flex-negative:100;flex-shrink:100}.elementor-widget-divider--element-align-left .elementor-divider-separator:before{content:none}.elementor-widget-divider--element-align-left .elementor-divider__element{margin-left:0}.elementor-widget-divider--element-align-right .elementor-divider .elementor-divider-separator>.elementor-divider__svg:last-of-type{-webkit-box-flex:0;-ms-flex-positive:0;flex-grow:0;-ms-flex-negative:100;flex-shrink:100}.elementor-widget-divider--element-align-right .elementor-divider-separator:after{content:none}.elementor-widget-divider--element-align-right .elementor-divider__element{margin-right:0}.elementor-widget-divider:not(.elementor-widget-divider--view-line_text):not(.elementor-widget-divider--view-line_icon) .elementor-divider-separator{border-top:var(--divider-border-width) var(--divider-border-style) var(--divider-color)}.elementor-widget-divider--separator-type-pattern{--divider-border-style:none}.elementor-widget-divider--separator-type-pattern.elementor-widget-divider--view-line .elementor-divider-separator,.elementor-widget-divider--separator-type-pattern:not(.elementor-widget-divider--view-line) .elementor-divider-separator:after,.elementor-widget-divider--separator-type-pattern:not(.elementor-widget-divider--view-line) .elementor-divider-separator:before,.elementor-widget-divider--separator-type-pattern:not([class*=elementor-widget-divider--view]) .elementor-divider-separator{width:100%;min-height:var(--divider-pattern-height);-webkit-mask-size:var(--divider-pattern-size) 100%;mask-size:var(--divider-pattern-size) 100%;-webkit-mask-repeat:var(--divider-pattern-repeat);mask-repeat:var(--divider-pattern-repeat);background-color:var(--divider-color);-webkit-mask-image:var(--divider-pattern-url);mask-image:var(--divider-pattern-url)}.elementor-widget-divider--no-spacing{--divider-pattern-size:auto}.elementor-widget-divider--bg-round{--divider-pattern-repeat:round}.rtl .elementor-widget-divider .elementor-divider__text{direction:rtl}.e-con-inner>.elementor-widget-divider,.e-con>.elementor-widget-divider{width:var(--container-widget-width,100%)}<\/style>\n<h2>Mein Betreuungsangebot:<\/p>\n<\/h2>\n<p>\t\t\t\t\t\t\t\t\t\t\t\t\t\t\t<img decoding=\"async\" src=\"https:\/\/www.hebammejasmindiebel.de\/wp-content\/uploads\/elementor\/thumbs\/MOMBABY-07-1-pyfgyj4kbmnrb4llptc33zriowix7jgm3mw5nawsl4.png\" title=\"MOM&#038;BABY-07\" alt=\"MOM&amp;BABY-07\" \/>\n\t\t\t<link rel=\"stylesheet\" href=\"https:\/\/www.hebammejasmindiebel.de\/wp-content\/plugins\/elementor\/assets\/css\/widget-icon-box.min.css\">\n<h3>\n\t\t\t\t\t\tSchwangerschaft<br \/>\n\t\t\t\t<\/h3>\n<p>\n\t\t\t\t\t\t<strong>\u2022<\/strong> Schwangerenvorsorge (in Abwechslung mit deinem\/er Gyn\u00e4kologen\/Gyn\u00e4kologin)<\/p>\n<p><strong>\u2022<\/strong> Hilfe bei Schwangerschaftsbeschwerden (K-Taping)<\/p>\n<p><strong>\u2022 <\/strong>Beratung w\u00e4hrend der Schwangerschaft (z.B. Ern\u00e4hrungsberatung)\t\t\t\t\t<\/p>\n<h3>\n\t\t\t\t\t\tWochenbett<br \/>\n\t\t\t\t<\/h3>\n<p>\n\t\t\t\t\t\t<strong>\u2022 <\/strong>ganzheitliche Wochenbettbetreuung<\/p>\n<p><strong>\u2022<\/strong> Still- und Ern\u00e4hrungsberatung<\/p>\n<p><strong>\u2022 <\/strong>Einf\u00fchrung in die Beikost<\/p>\n<p><strong>\u2022 <\/strong>Betreuung nach kleiner Geburt (&#8222;Fehlgeburt&#8220;) oder nach stiller Geburt<\/p>\n<p>\n\t\t\t\t\t<\/p>\n<p>\t\t\t2<br \/>\n\t\t\t\t\t\t\t\t\t\t\t\t\t\t\t<img decoding=\"async\" src=\"https:\/\/www.hebammejasmindiebel.de\/wp-content\/uploads\/elementor\/thumbs\/MOMBABY-09-pyfgxqxemll5mtqkah5a16vovcdwsmcnzrbl902lrs.png\" title=\"MOM&#038;BABY-09\" alt=\"MOM&amp;BABY-09\" \/>\t\t\t\t\t\t\t\t\t\t\t\t\t\t\t<\/p>\n<style>\/*! elementor - v3.8.0 - 30-10-2022 *\/\n.elementor-column .elementor-spacer-inner{height:var(--spacer-size)}.e-con{--container-widget-width:100%}.e-con-inner>.elementor-widget-spacer,.e-con>.elementor-widget-spacer{width:var(--container-widget-width,var(--spacer-size));-ms-flex-item-align:stretch;align-self:stretch;-ms-flex-negative:0;flex-shrink:0}.e-con-inner>.elementor-widget-spacer>.elementor-widget-container,.e-con-inner>.elementor-widget-spacer>.elementor-widget-container>.elementor-spacer,.e-con>.elementor-widget-spacer>.elementor-widget-container,.e-con>.elementor-widget-spacer>.elementor-widget-container>.elementor-spacer{height:100%}.e-con-inner>.elementor-widget-spacer>.elementor-widget-container>.elementor-spacer>.elementor-spacer-inner,.e-con>.elementor-widget-spacer>.elementor-widget-container>.elementor-spacer>.elementor-spacer-inner{height:var(--container-widget-height,var(--spacer-size))}<\/style>\n<h2>Noch Fragen?<\/h2>\n<style>\/*! elementor - v3.8.0 - 30-10-2022 *\/\n.elementor-toggle{text-align:left}.elementor-toggle .elementor-tab-title{font-weight:700;line-height:1;margin:0;padding:15px;border-bottom:1px solid #d4d4d4;cursor:pointer;outline:none}.elementor-toggle .elementor-tab-title .elementor-toggle-icon{display:inline-block;width:1em}.elementor-toggle .elementor-tab-title .elementor-toggle-icon svg{-webkit-margin-start:-5px;margin-inline-start:-5px;width:1em;height:1em}.elementor-toggle .elementor-tab-title .elementor-toggle-icon.elementor-toggle-icon-right{float:right;text-align:right}.elementor-toggle .elementor-tab-title .elementor-toggle-icon.elementor-toggle-icon-left{float:left;text-align:left}.elementor-toggle .elementor-tab-title .elementor-toggle-icon .elementor-toggle-icon-closed{display:block}.elementor-toggle .elementor-tab-title .elementor-toggle-icon .elementor-toggle-icon-opened{display:none}.elementor-toggle .elementor-tab-title.elementor-active{border-bottom:none}.elementor-toggle .elementor-tab-title.elementor-active .elementor-toggle-icon-closed{display:none}.elementor-toggle .elementor-tab-title.elementor-active .elementor-toggle-icon-opened{display:block}.elementor-toggle .elementor-tab-content{padding:15px;border-bottom:1px solid #d4d4d4;display:none}@media (max-width:767px){.elementor-toggle .elementor-tab-title{padding:12px}.elementor-toggle .elementor-tab-content{padding:12px 10px}}.e-con-inner>.elementor-widget-toggle,.e-con>.elementor-widget-toggle{width:var(--container-widget-width,100%)}<\/style>\n<p>\t\t\t\t\t\t\t\t\t\t\t\t<a href=\"\">Wo ist dein Betreuungsgebiet?<\/a><\/p>\n<p>&#8211; Schwalmstadt<br \/>&#8211; Gilserberg<br \/>&#8211; Neustadt<br \/>&#8211; Willingshausen<br \/>&#8211; Jesberg<\/p>\n<p>\t\t\t\t\t\t\t\t\t\t\t\t<a href=\"\">Wie kann ich dich kontaktieren?<\/a><\/p>\n<p>Du erreichst mich entweder per Mail oder Anruf\/Nachricht an meine Handynummer.<\/p>\n<p><strong>Mail: <\/strong>post@hebammejasmindiebel.de<br \/><strong>Tel: <\/strong>0152 578 620 76<\/p>\n<p>\t\t\t\t\t\t\t\t\t\t\t\t<a href=\"\">Was steht mir als Schwangere\/W\u00f6chnerin zu?<\/a><\/p>\n<p>&#8211; <strong>12 Beratungen<\/strong> in der Schwangerschaft<br \/>&#8211; <strong>20 Kontake<\/strong> innerhalb der erstem zehn Tage nach Geburt<br \/>&#8211; <strong>16 Hebammenleistungen<\/strong> nach Ablauf der zehn Tage bis hin zur 12. Woche nach Geburt<br \/>&#8211; <strong>8 Still- und Ern\u00e4hrungsberatungen<\/strong> nach Ablauf der 12. Woche<\/p>\n<p>\t\t\t\t\t\t\t\t\t\t\t\t<a href=\"\">\u00dcbernimmt meine Krankenkasse die Kosten?<\/a><\/p>\n<p>Jede Familie hat einen Anspruch auf Hebammenhilfe w\u00e4hrend der Schwangerschaft, Geburt, Wochenbett bis hin zum Ende der Stillzeit.<br \/>Auch wenn die Schwangerschaft traurig mit einer kleinen- oder stillen Geburt endet!<\/p>\n<p>Die Kosten hierf\u00fcr sind im &#8222;Vertrag \u00fcber die Versorgung mit Hebammenhilfe&#8220; (SGB V, \u00a7134a) geregelt. Die Kosten der benannten Hebammenhilfe <strong>werden daher von der gesetzlichen Krankenkasse \u00fcbernommen<\/strong>.<\/p>\n<p>Private Krankenkassen haben ein unterschiedliches Leistungsangebot bez\u00fcglich Schwangerschaft, Geburt und Wochenbett. Genaue Angaben dar\u00fcber kann die jeweilige Krankenkasse machen.<br \/>Diese best\u00e4tigt im Zweifelsfall auch eine Kosten\u00fcbernahme der betreffenden Leistungen.<\/p>\n<h2>Ich w\u00fcrde mich sehr freuen dich\/euch zu begleiten!<\/h2>\n<h5>Mail: post@hebammejasmindiebel.de<br \/>\n<\/h5>\n<h5>Tel: 0152 578 620 76<\/h5>\n<p>\t\t\t\t\t\t\t\t\t\t\t\t\t\t\t<img decoding=\"async\" width=\"300\" height=\"78\" src=\"https:\/\/www.hebammejasmindiebel.de\/wp-content\/uploads\/2022\/11\/unterschrift-300x78.png\" alt=\"\" loading=\"lazy\" srcset=\"https:\/\/www.hebammejasmindiebel.de\/wp-content\/uploads\/2022\/11\/unterschrift-300x78.png 300w, https:\/\/www.hebammejasmindiebel.de\/wp-content\/uploads\/2022\/11\/unterschrift-768x201.png 768w, https:\/\/www.hebammejasmindiebel.de\/wp-content\/uploads\/2022\/11\/unterschrift.png 827w\" sizes=\"(max-width: 300px) 100vw, 300px\" \/><br \/>\n\t\t\t\t\t<a target=\"_blank\" rel=\"noopener\"><br \/>\n\t\t\t\t\t\t\t\t\t\t\t<\/a><br \/>\n\t\t\t\t\t<a href=\"https:\/\/wa.me\/4915257862076\" target=\"_blank\" rel=\"noopener\"><br \/>\n\t\t\t\t\t\tWhatsapp<br \/>\n\t\t\t\t\t\t\t\t\t\t\t<\/a><br \/>\n\t\t\t\t\t<a href=\"mailto:post@hebammejasmindiebel.de?subject=Anfrage%20Hebamme%20\" target=\"_blank\" rel=\"noopener\"><br \/>\n\t\t\t\t\t\tEnvelope<br \/>\n\t\t\t\t\t\t\t\t\t\t\t<\/a><\/p>\n<p><a href=\"https:\/\/www.hebammejasmindiebel.de\/?page_id=356\">Impressum<\/a><\/p>\n<p><a href=\"https:\/\/www.hebammejasmindiebel.de\/?page_id=366\">Datenschutz<\/a><\/p>\n<p>\u00a9 Jasmin Diebel 2023<\/p>\n","protected":false},"excerpt":{"rendered":"<p>Whatsapp Envelope Herzlich Willkommen! Mein Name ist Jasmin, ich bin 23 Jahre alt, in der Schwalm geboren und aufgewachsen \u2013 und ihr treu geblieben.Nach meinem Abitur habe ich die Ausbildung zur Hebamme im Uniklinikum Marburg begonnen und im April 2022 erfolgreich abgeschlossen.Seitdem arbeite ich als angestellte Hebamme im Krei\u00dfsaal des Klinikums Schwalmstadt und begleite Frauen [&hellip;]<\/p>\n","protected":false},"author":1,"featured_media":0,"parent":0,"menu_order":0,"comment_status":"closed","ping_status":"closed","template":"elementor_canvas","meta":[],"_links":{"self":[{"href":"https:\/\/www.hebammejasmindiebel.de\/index.php?rest_route=\/wp\/v2\/pages\/349"}],"collection":[{"href":"https:\/\/www.hebammejasmindiebel.de\/index.php?rest_route=\/wp\/v2\/pages"}],"about":[{"href":"https:\/\/www.hebammejasmindiebel.de\/index.php?rest_route=\/wp\/v2\/types\/page"}],"author":[{"embeddable":true,"href":"https:\/\/www.hebammejasmindiebel.de\/index.php?rest_route=\/wp\/v2\/users\/1"}],"replies":[{"embeddable":true,"href":"https:\/\/www.hebammejasmindiebel.de\/index.php?rest_route=%2Fwp%2Fv2%2Fcomments&post=349"}],"version-history":[{"count":88,"href":"https:\/\/www.hebammejasmindiebel.de\/index.php?rest_route=\/wp\/v2\/pages\/349\/revisions"}],"predecessor-version":[{"id":523,"href":"https:\/\/www.hebammejasmindiebel.de\/index.php?rest_route=\/wp\/v2\/pages\/349\/revisions\/523"}],"wp:attachment":[{"href":"https:\/\/www.hebammejasmindiebel.de\/index.php?rest_route=%2Fwp%2Fv2%2Fmedia&parent=349"}],"curies":[{"name":"wp","href":"https:\/\/api.w.org\/{rel}","templated":true}]}}